{"id":4121,"date":"2024-02-10T13:43:18","date_gmt":"2024-02-10T13:43:18","guid":{"rendered":"https:\/\/cancamperibiza.com\/contact\/"},"modified":"2026-04-27T14:15:24","modified_gmt":"2026-04-27T14:15:24","slug":"contact","status":"publish","type":"page","link":"https:\/\/cancamperibiza.com\/fr\/contact\/","title":{"rendered":"Contact"},"content":{"rendered":"\t\t<div data-elementor-type=\"wp-page\" data-elementor-id=\"4121\" class=\"elementor elementor-4121 elementor-1038\">\n\t\t\t\t<div class=\"elementor-element elementor-element-b96c4cb e-flex e-con-boxed e-con e-parent\" data-id=\"b96c4cb\" data-element_type=\"container\" data-e-type=\"container\">\n\t\t\t\t\t<div class=\"e-con-inner\">\n\t\t<div class=\"elementor-element elementor-element-b91f2be e-con-full e-flex e-con e-child\" data-id=\"b91f2be\" data-element_type=\"container\" data-e-type=\"container\" data-settings=\"{&quot;background_background&quot;:&quot;classic&quot;}\">\n\t\t\t\t<div class=\"elementor-element elementor-element-4ef0963 elementor-view-default elementor-position-block-start elementor-mobile-position-block-start elementor-widget elementor-widget-icon-box\" data-id=\"4ef0963\" data-element_type=\"widget\" data-e-type=\"widget\" data-widget_type=\"icon-box.default\">\n\t\t\t\t\t\t\t<div class=\"elementor-icon-box-wrapper\">\n\n\t\t\t\t\t\t<div class=\"elementor-icon-box-icon\">\n\t\t\t\t<span  class=\"elementor-icon\">\n\t\t\t\t<svg xmlns=\"http:\/\/www.w3.org\/2000\/svg\" viewBox=\"0 0 1024 1024\"><path d=\"m70.95 45.884 188.4-43.4c43.2-10 87.2 12.4 104.6 53.2l87 203c16 37.2 5.2 81.2-26.2 106.8l-80 65.4c57.2 104.8 143.6 191.2 248.4 248.2l65.4-80c25.6-31.4 69.6-42.2 106.8-26.2l203.2 87c40.8 17.4 63 61.4 53.2 104.6l-43.4 188.4c-9.6 41.8-46.4 71-89.2 71-489.8.2-889.2-396.4-889.2-888.8 0-42.8 29.2-79.6 71-89.2zm814.4 882.2 41.8-181.4-196.4-84.2-111.4 136.2c-197.6-92.8-301.2-196-394-394l136.2-111.4-84.2-196.4-181.4 41.8c2 435.2 354.2 787.4 789.4 789.4z\"><\/path><\/svg>\t\t\t\t<\/span>\n\t\t\t<\/div>\n\t\t\t\n\t\t\t\t\t\t<div class=\"elementor-icon-box-content\">\n\n\t\t\t\t\t\t\t\t\t<h3 class=\"elementor-icon-box-title\">\n\t\t\t\t\t\t<span  >\n\t\t\t\t\t\t\tAppelle-nous\t\t\t\t\t\t<\/span>\n\t\t\t\t\t<\/h3>\n\t\t\t\t\n\t\t\t\t\t\t\t\t\t<p class=\"elementor-icon-box-description\">\n\t\t\t\t\t\t+34722736388\t\t\t\t\t<\/p>\n\t\t\t\t\n\t\t\t<\/div>\n\t\t\t\n\t\t<\/div>\n\t\t\t\t\t\t<\/div>\n\t\t\t\t<div class=\"elementor-element elementor-element-b1c6bb9 elementor-view-default elementor-position-block-start elementor-mobile-position-block-start elementor-widget elementor-widget-icon-box\" data-id=\"b1c6bb9\" data-element_type=\"widget\" data-e-type=\"widget\" data-widget_type=\"icon-box.default\">\n\t\t\t\t\t\t\t<div class=\"elementor-icon-box-wrapper\">\n\n\t\t\t\t\t\t<div class=\"elementor-icon-box-icon\">\n\t\t\t\t<span  class=\"elementor-icon\">\n\t\t\t\t<svg aria-hidden=\"true\" class=\"e-font-icon-svg e-far-envelope\" viewBox=\"0 0 512 512\" xmlns=\"http:\/\/www.w3.org\/2000\/svg\"><path d=\"M464 64H48C21.49 64 0 85.49 0 112v288c0 26.51 21.49 48 48 48h416c26.51 0 48-21.49 48-48V112c0-26.51-21.49-48-48-48zm0 48v40.805c-22.422 18.259-58.168 46.651-134.587 106.49-16.841 13.247-50.201 45.072-73.413 44.701-23.208.375-56.579-31.459-73.413-44.701C106.18 199.465 70.425 171.067 48 152.805V112h416zM48 400V214.398c22.914 18.251 55.409 43.862 104.938 82.646 21.857 17.205 60.134 55.186 103.062 54.955 42.717.231 80.509-37.199 103.053-54.947 49.528-38.783 82.032-64.401 104.947-82.653V400H48z\"><\/path><\/svg>\t\t\t\t<\/span>\n\t\t\t<\/div>\n\t\t\t\n\t\t\t\t\t\t<div class=\"elementor-icon-box-content\">\n\n\t\t\t\t\t\t\t\t\t<h3 class=\"elementor-icon-box-title\">\n\t\t\t\t\t\t<span  >\n\t\t\t\t\t\t\t\u00c9cris-nous\t\t\t\t\t\t<\/span>\n\t\t\t\t\t<\/h3>\n\t\t\t\t\n\t\t\t\t\t\t\t\t\t<p class=\"elementor-icon-box-description\">\n\t\t\t\t\t\tInfo@cancamperibiza.com\t\t\t\t\t<\/p>\n\t\t\t\t\n\t\t\t<\/div>\n\t\t\t\n\t\t<\/div>\n\t\t\t\t\t\t<\/div>\n\t\t\t\t<div class=\"elementor-element elementor-element-8398ff2 elementor-view-default elementor-position-block-start elementor-mobile-position-block-start elementor-widget elementor-widget-icon-box\" data-id=\"8398ff2\" data-element_type=\"widget\" data-e-type=\"widget\" data-widget_type=\"icon-box.default\">\n\t\t\t\t\t\t\t<div class=\"elementor-icon-box-wrapper\">\n\n\t\t\t\t\t\t<div class=\"elementor-icon-box-icon\">\n\t\t\t\t<span  class=\"elementor-icon\">\n\t\t\t\t<svg aria-hidden=\"true\" class=\"e-font-icon-svg e-fas-map-marker-alt\" viewBox=\"0 0 384 512\" xmlns=\"http:\/\/www.w3.org\/2000\/svg\"><path d=\"M172.268 501.67C26.97 291.031 0 269.413 0 192 0 85.961 85.961 0 192 0s192 85.961 192 192c0 77.413-26.97 99.031-172.268 309.67-9.535 13.774-29.93 13.773-39.464 0zM192 272c44.183 0 80-35.817 80-80s-35.817-80-80-80-80 35.817-80 80 35.817 80 80 80z\"><\/path><\/svg>\t\t\t\t<\/span>\n\t\t\t<\/div>\n\t\t\t\n\t\t\t\t\t\t<div class=\"elementor-icon-box-content\">\n\n\t\t\t\t\t\t\t\t\t<h3 class=\"elementor-icon-box-title\">\n\t\t\t\t\t\t<span  >\n\t\t\t\t\t\t\tNotre emplacement\t\t\t\t\t\t<\/span>\n\t\t\t\t\t<\/h3>\n\t\t\t\t\n\t\t\t\t\t\t\t\t\t<p class=\"elementor-icon-box-description\">\n\t\t\t\t\t\tcarrer d'albacete 22, Sant Josep de Sa Talaia (07829)\nIbiza, Espagne\t\t\t\t\t<\/p>\n\t\t\t\t\n\t\t\t<\/div>\n\t\t\t\n\t\t<\/div>\n\t\t\t\t\t\t<\/div>\n\t\t\t\t<\/div>\n\t\t<div class=\"elementor-element elementor-element-27b8dce e-con-full e-flex e-con e-child\" data-id=\"27b8dce\" data-element_type=\"container\" data-e-type=\"container\">\n\t\t\t\t<div class=\"elementor-element elementor-element-e55f295 elementor-widget elementor-widget-heading\" data-id=\"e55f295\" data-element_type=\"widget\" data-e-type=\"widget\" data-widget_type=\"heading.default\">\n\t\t\t\t\t<h2 class=\"elementor-heading-title elementor-size-default\">\u00c9cris-nous<\/h2>\t\t\t\t<\/div>\n\t\t\t\t<div class=\"elementor-element elementor-element-3d8e80c elementor-widget elementor-widget-text-editor\" data-id=\"3d8e80c\" data-element_type=\"widget\" data-e-type=\"widget\" data-widget_type=\"text-editor.default\">\n\t\t\t\t\t\t\t\t\t<p>Pose-nous toutes tes questions depuis notre formulaire et nous te r\u00e9pondrons dans les plus brefs d\u00e9lais.<\/p>\t\t\t\t\t\t\t\t<\/div>\n\t\t\t\t<div class=\"elementor-element elementor-element-56d7ddd fluentform-widget-submit-button-custom elementor-widget elementor-widget-fluent-form-widget\" data-id=\"56d7ddd\" data-element_type=\"widget\" data-e-type=\"widget\" data-widget_type=\"fluent-form-widget.default\">\n\t\t\t\t<div class=\"elementor-widget-container\">\n\t\t\t\t\t\n            <div class=\"fluentform-widget-wrapper fluentform-widget-align-default\">\n\n            \n            <div class='fluentform ff-default fluentform_wrapper_3 ffs_default_wrap'><form data-form_id=\"3\" id=\"fluentform_3\" class=\"frm-fluent-form fluent_form_3 ff-el-form-top ff_form_instance_3_1 ff-form-loading ffs_default\" data-form_instance=\"ff_form_instance_3_1\" method=\"POST\" ><fieldset  style=\"border: none!important;margin: 0!important;padding: 0!important;background-color: transparent!important;box-shadow: none!important;outline: none!important; min-inline-size: 100%;\">\n                    <legend class=\"ff_screen_reader_title\" style=\"display: block; margin: 0!important;padding: 0!important;height: 0!important;text-indent: -999999px;width: 0!important;overflow:hidden;\">Formulario contacto Frances<\/legend><input type='hidden' name='__fluent_form_embded_post_id' value='4121' \/><input type=\"hidden\" id=\"_fluentform_3_fluentformnonce\" name=\"_fluentform_3_fluentformnonce\" value=\"f5dce3ec98\" \/><input type=\"hidden\" name=\"_wp_http_referer\" value=\"\/fr\/wp-json\/wp\/v2\/pages\/4121\" \/><div data-type=\"name-element\" data-name=\"names_1\" class=\" ff-field_container ff-name-field-wrapper\" ><div class='ff-t-container'><div class='ff-t-cell '><div class='ff-el-group ff-el-form-top'><div class=\"ff-el-input--label ff-el-is-required asterisk-right\"><label for='ff_3_names_1_first_name_' id='label_ff_3_names_1_first_name_' >Pr\u00e9nom<\/label><\/div><div class='ff-el-input--content'><input type=\"text\" name=\"names_1[first_name]\" id=\"ff_3_names_1_first_name_\" class=\"ff-el-form-control\" aria-invalid=\"false\" aria-required=true><\/div><\/div><\/div><div class='ff-t-cell '><div class='ff-el-group ff-el-form-top'><div class=\"ff-el-input--label ff-el-is-required asterisk-right\"><label for='ff_3_names_1_last_name_' id='label_ff_3_names_1_last_name_' >Nom<\/label><\/div><div class='ff-el-input--content'><input type=\"text\" name=\"names_1[last_name]\" id=\"ff_3_names_1_last_name_\" class=\"ff-el-form-control\" aria-invalid=\"false\" aria-required=true><\/div><\/div><\/div><\/div><\/div><div data-name=\"ff_cn_id_1\"  class='ff-t-container ff-column-container ff_columns_total_2 '><div class='ff-t-cell ff-t-column-1' style='flex-basis: 50%;'><div class='ff-el-group'><div class=\"ff-el-input--label ff-el-is-required asterisk-right\"><label for='ff_3_email' id='label_ff_3_email' aria-label=\"E-mail\">E-mail<\/label><\/div><div class='ff-el-input--content'><input type=\"email\" name=\"email\" id=\"ff_3_email\" class=\"ff-el-form-control\" data-name=\"email\"  aria-invalid=\"false\" aria-required=true><\/div><\/div><\/div><div class='ff-t-cell ff-t-column-2' style='flex-basis: 50%;'><div class='ff-el-group'><div class=\"ff-el-input--label ff-el-is-required asterisk-right\"><label for='ff_3_input_text' id='label_ff_3_input_text' aria-label=\"T\u00e9l\u00e9phone\">T\u00e9l\u00e9phone<\/label><\/div><div class='ff-el-input--content'><input type=\"text\" name=\"input_text\" class=\"ff-el-form-control\" data-name=\"input_text\" id=\"ff_3_input_text\"  aria-invalid=\"false\" aria-required=true><\/div><\/div><\/div><\/div><div class='ff-el-group'><div class=\"ff-el-input--label ff-el-is-required asterisk-right\"><label for='ff_3_message' id='label_ff_3_message' aria-label=\"Votre message\">Votre message<\/label><\/div><div class='ff-el-input--content'><textarea aria-required=\"true\" aria-labelledby=\"label_ff_3_message\" name=\"message\" id=\"ff_3_message\" class=\"ff-el-form-control\" rows=\"4\" cols=\"2\" data-name=\"message\" ><\/textarea><\/div><\/div><div class='ff-el-group    ff-el-input--content'><div class='ff-el-form-check ff-el-tc'><label aria-label='Terms and Conditions: J&#039;ai lu et j&#039;accepte les Conditions G\u00e9n\u00e9rales et la Politique de Confidentialit\u00e9 Contains 2 links. Use tab navigation to review.' class='ff-el-form-check-label ff_tc_label' for=terms-n-condition_b18592cfc5f2c9102fe252a49ae4a30b><span class='ff_tc_checkbox'><input type=\"checkbox\" name=\"terms-n-condition\" class=\"ff-el-form-check-input\" data-name=\"terms-n-condition\" id=\"terms-n-condition_b18592cfc5f2c9102fe252a49ae4a30b\"  value='on' aria-invalid='false' aria-required=true><\/span> <div class='ff_t_c'><p>J'ai lu et j'accepte les <a href=\"#\" target=\"_blank\" rel=\"noopener\">Conditions G\u00e9n\u00e9rales<\/a> et la <a href=\"#\" target=\"_blank\" rel=\"noopener\">Politique de Confidentialit\u00e9<\/a><\/p><\/div><\/label><\/div><\/div><div class='ff-el-group ff-text-left ff_submit_btn_wrapper'><button type=\"submit\" class=\"ff-btn ff-btn-submit ff-btn-md ff_btn_style\"  aria-label=\"ENVOYER\">ENVOYER<\/button><\/div><\/fieldset><\/form><div id='fluentform_3_errors' class='ff-errors-in-stack ff_form_instance_3_1 ff-form-loading_errors ff_form_instance_3_1_errors'><\/div><\/div>            <script type=\"text\/javascript\">\n                window.fluent_form_ff_form_instance_3_1 = {\"id\":\"3\",\"ajaxUrl\":\"https:\\\/\\\/cancamperibiza.com\\\/wp-admin\\\/admin-ajax.php\",\"settings\":{\"layout\":{\"labelPlacement\":\"top\",\"helpMessagePlacement\":\"with_label\",\"errorMessagePlacement\":\"inline\",\"cssClassName\":\"\",\"asteriskPlacement\":\"asterisk-right\"},\"restrictions\":{\"denyEmptySubmission\":{\"enabled\":false}}},\"form_instance\":\"ff_form_instance_3_1\",\"form_id_selector\":\"fluentform_3\",\"rules\":{\"names_1[first_name]\":{\"required\":{\"value\":true,\"message\":\"Ce champ est obligatoire\",\"global_message\":\"Este campo es obligatorio\",\"global\":true}},\"names_1[middle_name]\":{\"required\":{\"value\":false,\"message\":\"Ce champ est obligatoire\",\"global_message\":\"Este campo es obligatorio\",\"global\":true}},\"names_1[last_name]\":{\"required\":{\"value\":true,\"message\":\"Ce champ est obligatoire\",\"global_message\":\"Este campo es obligatorio\",\"global\":true}},\"email\":{\"required\":{\"value\":true,\"message\":\"Ce champ est obligatoire\",\"global_message\":\"Este campo es obligatorio\",\"global\":true},\"email\":{\"value\":true,\"message\":\"Ce champ doit contenir un e-mail valide\",\"global_message\":\"Este campo debe contener un correo electr\\u00f3nico v\\u00e1lido\",\"global\":true}},\"input_text\":{\"required\":{\"value\":true,\"message\":\"Ce champ est obligatoire\",\"global_message\":\"Este campo es obligatorio\",\"global\":true}},\"message\":{\"required\":{\"value\":true,\"message\":\"This field is required\",\"global\":false,\"global_message\":\"Este campo es obligatorio\"}},\"terms-n-condition\":{\"required\":{\"value\":true,\"message\":\"Ce champ est obligatoire\",\"global_message\":\"Este campo es obligatorio\",\"global\":false}}},\"debounce_time\":300};\n                            <\/script>\n                        <\/div>\n\n            \t\t\t\t<\/div>\n\t\t\t\t<\/div>\n\t\t\t\t<\/div>\n\t\t\t\t\t<\/div>\n\t\t\t\t<\/div>\n\t\t<div class=\"elementor-element elementor-element-5db5617 e-flex e-con-boxed e-con e-parent\" data-id=\"5db5617\" data-element_type=\"container\" data-e-type=\"container\">\n\t\t\t\t\t<div class=\"e-con-inner\">\n\t\t<div class=\"elementor-element elementor-element-c1009d3 e-flex e-con-boxed e-con e-child\" data-id=\"c1009d3\" data-element_type=\"container\" data-e-type=\"container\" data-settings=\"{&quot;background_background&quot;:&quot;classic&quot;}\">\n\t\t\t\t\t<div class=\"e-con-inner\">\n\t\t<div class=\"elementor-element elementor-element-2392d8b e-con-full e-flex e-con e-child\" data-id=\"2392d8b\" data-element_type=\"container\" data-e-type=\"container\">\n\t\t\t\t<div class=\"elementor-element elementor-element-f11461a elementor-widget elementor-widget-google_maps\" data-id=\"f11461a\" data-element_type=\"widget\" data-e-type=\"widget\" data-widget_type=\"google_maps.default\">\n\t\t\t\t\t\t\t<div class=\"elementor-custom-embed\">\n\t\t\t<iframe loading=\"lazy\"\n\t\t\t\t\tsrc=\"https:\/\/maps.google.com\/maps?q=carrer%20d%27albacete%2022%2C%20ibiza%2007829&#038;t=m&#038;z=16&#038;output=embed&#038;iwloc=near\"\n\t\t\t\t\ttitle=\"carrer d&#039;albacete 22, ibiza 07829\"\n\t\t\t\t\taria-label=\"carrer d&#039;albacete 22, ibiza 07829\"\n\t\t\t><\/iframe>\n\t\t<\/div>\n\t\t\t\t\t\t<\/div>\n\t\t\t\t<\/div>\n\t\t\t\t\t<\/div>\n\t\t\t\t<\/div>\n\t\t\t\t\t<\/div>\n\t\t\t\t<\/div>\n\t\t\t\t<\/div>\n\t\t","protected":false},"excerpt":{"rendered":"<p>Appelle-nous +34722736388 \u00c9cris-nous Info@cancamperibiza.com Notre emplacement carrer d'albacete 22, Sant Josep de Sa Talaia (07829) Ibiza, Espagne \u00c9cris-nous Pose-nous toutes tes questions depuis notre formulaire et nous te r\u00e9pondrons dans les plus brefs d\u00e9lais. Formulario contacto Frances Pr\u00e9nomNomE-mailT\u00e9l\u00e9phoneVotre message J'ai lu et j'accepte les Conditions G\u00e9n\u00e9rales et la Politique de Confidentialit\u00e9 ENVOYER<\/p>\n","protected":false},"author":1,"featured_media":0,"parent":0,"menu_order":0,"comment_status":"closed","ping_status":"closed","template":"","meta":{"footnotes":""},"class_list":["post-4121","page","type-page","status-publish","hentry"],"blocksy_meta":{"has_hero_section":"disabled","vertical_spacing_source":"custom","content_area_spacing":"none","styles_descriptor":{"styles":{"desktop":"","tablet":"","mobile":""},"google_fonts":[],"version":6}},"yoast_head":"<!-- This site is optimized with the Yoast SEO plugin v27.5 - https:\/\/yoast.com\/product\/yoast-seo-wordpress\/ -->\n<title>Contact | Can Camper Ibiza - Location de vans am\u00e9nag\u00e9s<\/title>\n<meta name=\"description\" content=\"Contacte Can Camper Ibiza pour louer ton van. Nous sommes \u00e0 Ibiza pour t&#039;aider avec ta r\u00e9servation par t\u00e9l\u00e9phone, WhatsApp ou email. Planifie ton voyage avec nous !\" \/>\n<meta name=\"robots\" content=\"index, follow, max-snippet:-1, max-image-preview:large, max-video-preview:-1\" \/>\n<link rel=\"canonical\" href=\"https:\/\/cancamperibiza.com\/fr\/contact\/\" \/>\n<meta property=\"og:locale\" content=\"fr_FR\" \/>\n<meta property=\"og:type\" content=\"article\" \/>\n<meta property=\"og:title\" content=\"Contact | Can Camper Ibiza - Location de vans am\u00e9nag\u00e9s\" \/>\n<meta property=\"og:description\" content=\"Contacte Can Camper Ibiza pour louer ton van. Nous sommes \u00e0 Ibiza pour t&#039;aider avec ta r\u00e9servation par t\u00e9l\u00e9phone, WhatsApp ou email. Planifie ton voyage avec nous !\" \/>\n<meta property=\"og:url\" content=\"https:\/\/cancamperibiza.com\/fr\/contact\/\" \/>\n<meta property=\"og:site_name\" content=\"cancamperibiza\" \/>\n<meta property=\"article:modified_time\" content=\"2026-04-27T14:15:24+00:00\" \/>\n<meta property=\"og:image\" content=\"https:\/\/cancamperibiza.com\/wp-content\/uploads\/logotipo-oficial-can-camper-ibiza-1.webp\" \/>\n\t<meta property=\"og:image:width\" content=\"640\" \/>\n\t<meta property=\"og:image:height\" content=\"640\" \/>\n\t<meta property=\"og:image:type\" content=\"image\/webp\" \/>\n<meta name=\"twitter:card\" content=\"summary_large_image\" \/>\n<meta name=\"twitter:label1\" content=\"Dur\u00e9e de lecture estim\u00e9e\" \/>\n\t<meta name=\"twitter:data1\" content=\"1 minute\" \/>\n<script type=\"application\/ld+json\" class=\"yoast-schema-graph\">{\"@context\":\"https:\\\/\\\/schema.org\",\"@graph\":[{\"@type\":\"WebPage\",\"@id\":\"https:\\\/\\\/cancamperibiza.com\\\/fr\\\/contact\\\/\",\"url\":\"https:\\\/\\\/cancamperibiza.com\\\/fr\\\/contact\\\/\",\"name\":\"Contact | Can Camper Ibiza - Location de vans am\u00e9nag\u00e9s\",\"isPartOf\":{\"@id\":\"https:\\\/\\\/cancamperibiza.com\\\/fr\\\/#website\"},\"datePublished\":\"2024-02-10T13:43:18+00:00\",\"dateModified\":\"2026-04-27T14:15:24+00:00\",\"description\":\"Contacte Can Camper Ibiza pour louer ton van. Nous sommes \u00e0 Ibiza pour t'aider avec ta r\u00e9servation par t\u00e9l\u00e9phone, WhatsApp ou email. Planifie ton voyage avec nous !\",\"breadcrumb\":{\"@id\":\"https:\\\/\\\/cancamperibiza.com\\\/fr\\\/contact\\\/#breadcrumb\"},\"inLanguage\":\"fr-FR\",\"potentialAction\":[{\"@type\":\"ReadAction\",\"target\":[\"https:\\\/\\\/cancamperibiza.com\\\/fr\\\/contact\\\/\"]}]},{\"@type\":\"BreadcrumbList\",\"@id\":\"https:\\\/\\\/cancamperibiza.com\\\/fr\\\/contact\\\/#breadcrumb\",\"itemListElement\":[{\"@type\":\"ListItem\",\"position\":1,\"name\":\"Portada\",\"item\":\"https:\\\/\\\/cancamperibiza.com\\\/fr\\\/\"},{\"@type\":\"ListItem\",\"position\":2,\"name\":\"Contact\"}]},{\"@type\":\"WebSite\",\"@id\":\"https:\\\/\\\/cancamperibiza.com\\\/fr\\\/#website\",\"url\":\"https:\\\/\\\/cancamperibiza.com\\\/fr\\\/\",\"name\":\"cancamperibiza.com\",\"description\":\"alquiler de campers en ibiza\",\"publisher\":{\"@id\":\"https:\\\/\\\/cancamperibiza.com\\\/fr\\\/#\\\/schema\\\/person\\\/5a2e098c982e7bc9a346eb41762dcd9d\"},\"potentialAction\":[{\"@type\":\"SearchAction\",\"target\":{\"@type\":\"EntryPoint\",\"urlTemplate\":\"https:\\\/\\\/cancamperibiza.com\\\/fr\\\/?s={search_term_string}\"},\"query-input\":{\"@type\":\"PropertyValueSpecification\",\"valueRequired\":true,\"valueName\":\"search_term_string\"}}],\"inLanguage\":\"fr-FR\"},{\"@type\":[\"Person\",\"Organization\"],\"@id\":\"https:\\\/\\\/cancamperibiza.com\\\/fr\\\/#\\\/schema\\\/person\\\/5a2e098c982e7bc9a346eb41762dcd9d\",\"name\":\"cancamperibiza@gmail.com\",\"image\":{\"@type\":\"ImageObject\",\"inLanguage\":\"fr-FR\",\"@id\":\"https:\\\/\\\/cancamperibiza.com\\\/wp-content\\\/uploads\\\/logotipo-oficial-can-camper-ibiza-1.webp\",\"url\":\"https:\\\/\\\/cancamperibiza.com\\\/wp-content\\\/uploads\\\/logotipo-oficial-can-camper-ibiza-1.webp\",\"contentUrl\":\"https:\\\/\\\/cancamperibiza.com\\\/wp-content\\\/uploads\\\/logotipo-oficial-can-camper-ibiza-1.webp\",\"width\":640,\"height\":640,\"caption\":\"cancamperibiza@gmail.com\"},\"logo\":{\"@id\":\"https:\\\/\\\/cancamperibiza.com\\\/wp-content\\\/uploads\\\/logotipo-oficial-can-camper-ibiza-1.webp\"},\"sameAs\":[\"http:\\\/\\\/cancamperibiza.com\",\"https:\\\/\\\/www.instagram.com\\\/cancamperibiza\\\/\"]}]}<\/script>\n<!-- \/ Yoast SEO plugin. -->","yoast_head_json":{"title":"Contact | Can Camper Ibiza - Location de vans am\u00e9nag\u00e9s","description":"Contacte Can Camper Ibiza pour louer ton van. Nous sommes \u00e0 Ibiza pour t'aider avec ta r\u00e9servation par t\u00e9l\u00e9phone, WhatsApp ou email. Planifie ton voyage avec nous !","robots":{"index":"index","follow":"follow","max-snippet":"max-snippet:-1","max-image-preview":"max-image-preview:large","max-video-preview":"max-video-preview:-1"},"canonical":"https:\/\/cancamperibiza.com\/fr\/contact\/","og_locale":"fr_FR","og_type":"article","og_title":"Contact | Can Camper Ibiza - Location de vans am\u00e9nag\u00e9s","og_description":"Contacte Can Camper Ibiza pour louer ton van. Nous sommes \u00e0 Ibiza pour t'aider avec ta r\u00e9servation par t\u00e9l\u00e9phone, WhatsApp ou email. Planifie ton voyage avec nous !","og_url":"https:\/\/cancamperibiza.com\/fr\/contact\/","og_site_name":"cancamperibiza","article_modified_time":"2026-04-27T14:15:24+00:00","og_image":[{"width":640,"height":640,"url":"https:\/\/cancamperibiza.com\/wp-content\/uploads\/logotipo-oficial-can-camper-ibiza-1.webp","type":"image\/webp"}],"twitter_card":"summary_large_image","twitter_misc":{"Dur\u00e9e de lecture estim\u00e9e":"1 minute"},"schema":{"@context":"https:\/\/schema.org","@graph":[{"@type":"WebPage","@id":"https:\/\/cancamperibiza.com\/fr\/contact\/","url":"https:\/\/cancamperibiza.com\/fr\/contact\/","name":"Contact | Can Camper Ibiza - Location de vans am\u00e9nag\u00e9s","isPartOf":{"@id":"https:\/\/cancamperibiza.com\/fr\/#website"},"datePublished":"2024-02-10T13:43:18+00:00","dateModified":"2026-04-27T14:15:24+00:00","description":"Contacte Can Camper Ibiza pour louer ton van. Nous sommes \u00e0 Ibiza pour t'aider avec ta r\u00e9servation par t\u00e9l\u00e9phone, WhatsApp ou email. Planifie ton voyage avec nous !","breadcrumb":{"@id":"https:\/\/cancamperibiza.com\/fr\/contact\/#breadcrumb"},"inLanguage":"fr-FR","potentialAction":[{"@type":"ReadAction","target":["https:\/\/cancamperibiza.com\/fr\/contact\/"]}]},{"@type":"BreadcrumbList","@id":"https:\/\/cancamperibiza.com\/fr\/contact\/#breadcrumb","itemListElement":[{"@type":"ListItem","position":1,"name":"Portada","item":"https:\/\/cancamperibiza.com\/fr\/"},{"@type":"ListItem","position":2,"name":"Contact"}]},{"@type":"WebSite","@id":"https:\/\/cancamperibiza.com\/fr\/#website","url":"https:\/\/cancamperibiza.com\/fr\/","name":"cancamperibiza.com","description":"alquiler de campers en ibiza","publisher":{"@id":"https:\/\/cancamperibiza.com\/fr\/#\/schema\/person\/5a2e098c982e7bc9a346eb41762dcd9d"},"potentialAction":[{"@type":"SearchAction","target":{"@type":"EntryPoint","urlTemplate":"https:\/\/cancamperibiza.com\/fr\/?s={search_term_string}"},"query-input":{"@type":"PropertyValueSpecification","valueRequired":true,"valueName":"search_term_string"}}],"inLanguage":"fr-FR"},{"@type":["Person","Organization"],"@id":"https:\/\/cancamperibiza.com\/fr\/#\/schema\/person\/5a2e098c982e7bc9a346eb41762dcd9d","name":"cancamperibiza@gmail.com","image":{"@type":"ImageObject","inLanguage":"fr-FR","@id":"https:\/\/cancamperibiza.com\/wp-content\/uploads\/logotipo-oficial-can-camper-ibiza-1.webp","url":"https:\/\/cancamperibiza.com\/wp-content\/uploads\/logotipo-oficial-can-camper-ibiza-1.webp","contentUrl":"https:\/\/cancamperibiza.com\/wp-content\/uploads\/logotipo-oficial-can-camper-ibiza-1.webp","width":640,"height":640,"caption":"cancamperibiza@gmail.com"},"logo":{"@id":"https:\/\/cancamperibiza.com\/wp-content\/uploads\/logotipo-oficial-can-camper-ibiza-1.webp"},"sameAs":["http:\/\/cancamperibiza.com","https:\/\/www.instagram.com\/cancamperibiza\/"]}]}},"_links":{"self":[{"href":"https:\/\/cancamperibiza.com\/fr\/wp-json\/wp\/v2\/pages\/4121","targetHints":{"allow":["GET"]}}],"collection":[{"href":"https:\/\/cancamperibiza.com\/fr\/wp-json\/wp\/v2\/pages"}],"about":[{"href":"https:\/\/cancamperibiza.com\/fr\/wp-json\/wp\/v2\/types\/page"}],"author":[{"embeddable":true,"href":"https:\/\/cancamperibiza.com\/fr\/wp-json\/wp\/v2\/users\/1"}],"replies":[{"embeddable":true,"href":"https:\/\/cancamperibiza.com\/fr\/wp-json\/wp\/v2\/comments?post=4121"}],"version-history":[{"count":7,"href":"https:\/\/cancamperibiza.com\/fr\/wp-json\/wp\/v2\/pages\/4121\/revisions"}],"predecessor-version":[{"id":4394,"href":"https:\/\/cancamperibiza.com\/fr\/wp-json\/wp\/v2\/pages\/4121\/revisions\/4394"}],"wp:attachment":[{"href":"https:\/\/cancamperibiza.com\/fr\/wp-json\/wp\/v2\/media?parent=4121"}],"curies":[{"name":"wp","href":"https:\/\/api.w.org\/{rel}","templated":true}]}}